{"id":3,"date":"2023-02-13T08:44:54","date_gmt":"2023-02-13T08:44:54","guid":{"rendered":"https:\/\/www.sisla.biz\/site\/?page_id=3"},"modified":"2023-03-01T19:08:38","modified_gmt":"2023-03-01T19:08:38","slug":"privacy-policy","status":"publish","type":"page","link":"https:\/\/www.sisla.biz\/site\/privacy-policy\/","title":{"rendered":"Privacy Policy"},"content":{"rendered":"<div class=\"boldgrid-section\">\n<div class=\"container\">\n<div class=\"row\">\n<div class=\"col-lg-12 col-md-12 col-xs-12 col-sm-12\">\n<h4>Politica sulla riservatezza<\/h4>\n<p>Il sito https:\/\/sisla.biz \u00e8 di propriet\u00e0 di SISLA SNC, titolare del trattamento dei Suoi dati personali.<\/p>\n<p class=\"\">Abbiamo adottato questa politica sulla privacy, la quale determina il trattamento delle informazioni raccolte da https:\/\/sisla.biz, oltre che i motivi per raccolta di certi dati personali a Lei correlati. Pertanto, deve leggere questa politica sulla riservatezza prima di usare il sito https:\/\/sisla.biz.<\/p>\n<p>Trattiamo i Suoi dati personali e garantiamo riservatezza e sicurezza degli stessi.<\/p>\n<h4>Informazioni personali raccolte:<\/h4>\n<p class=\"\">Quando visita https:\/\/sisla.biz, raccogliamo automaticamente certe informazioni sul dispositivo, incluse informazioni su browser web, indirizzo IP, fuso orario e cookie installati sul dispositivo. Inoltre, navigando sul sito, raccogliamo informazioni sulle pagine web o i prodotti visualizzati, siti web o termini di ricerca di riferimento verso il sito e come Lei interagisce con il sito. Indichiamo tali informazioni raccolte automaticamente come \u201cinformazioni sul dispositivo\u201d. Inoltre, potremmo raccogliere dati personali che ci fornisce (Nome completo, e-mail, numero di telefono solo nel caso in cui venissimo contattati tramite l&#8217;apposito form presente nel sito) durante la registrazione per soddisfare l&#8217;accordo.<\/p>\n<h4 class=\"\">Perch\u00e9 trattiamo i dati?<\/h4>\n<p class=\"\">La sicurezza dei dati dei clienti \u00e8 una nostra priorit\u00e0, pertanto trattiamo solo i dati degli utenti strettamente necessari per gestire il sito. Le informazioni raccolte automaticamente vengono utilizzate solo per identificare casi potenziali di abuso e stabilire statistiche sull&#8217;uso del sito. Queste informazioni statistiche non sono aggregate in modo da identificare un utente specifico del sistema.<\/p>\n<p class=\"\">Le \u00e8 consentito visitare il sito senza rivelare informazioni, tramite le quali potrebbe essere identificato personalmente. Se, tuttavia, desidera utilizzare alcune delle funzioni del sito, o desidera ricevere newsletter o fornire altri dettagli compilando un modulo, potrebbe doverci fornire dati personali come email, nome, cognome, citt\u00e0 di residenza, organizzazione e numero di telefono. Pu\u00f2 scegliere di non fornire dati personali, tuttavia in tal caso non potr\u00e0 usufruire di alcune funzioni del sito. Per esempio, non potr\u00e0 ricevere la nostra newsletter o contattarci direttamente dal sito. Gli utenti che non sanno quali informazioni sono obbligatorie, possono contattarci a sislaservice81@gmail.com.<\/p>\n<h4>I Suoi diritti:<\/h4>\n<p>Se \u00e8 residente nell&#8217;Unione Europea, dispone dei seguenti diritti sui dati personali:<\/p>\n<ul class=\"\">\n<li>Il diritto di essere informato.<\/li>\n<li>Il diritto all&#8217;accesso.<\/li>\n<li>Il diritto di modifica.<\/li>\n<li>Il diritto di eliminazione.<\/li>\n<li>Il diritto di limitazione del trattamento.<\/li>\n<li>Il diritto di portabilit\u00e0 dei dati.<\/li>\n<li>Il diritto di obiezione.<\/li>\n<li>Il diritto in relazione a decisione e profilazione automatizzata.<\/li>\n<\/ul>\n<p>Per esercitare questi diritti, si prega di contattarci tramite le informazioni di contatto sotto.<\/p>\n<p class=\"\">Inoltre, se \u00e8 residente nell&#8217;Unione Europea, trattiamo le Sue informazioni al fine di stipulare i contratti con Lei (per esempio, in caso di ordine tramite il sito), o soddisfare in altro modo i nostri interessi commerciali legittimi indicati sopra. Ancora, notare che le informazioni possono essere trasferite fuori dall&#8217;Europa, incluso in Canada e negli Stati Uniti.<\/p>\n<h4>Collegamenti ad altri siti:<\/h4>\n<p>Il nostro sito potrebbe contenere collegamenti ad altri siti non gestiti o controllati da noi. Notare che non siamo responsabili per le pratiche sulla riservatezza di altri siti o di terzi. Invitiamo a prestare attenzione nel caso in cui si esca dal sito e leggere le dichiarazioni sulla riservatezza di ogni sito che potrebbe raccogliere informazioni personali.<\/p>\n<h4>Sicurezza delle informazioni:<\/h4>\n<p class=\"\">Proteggiamo le informazioni fornite su server informatici controllati, un ambiente sicuro protetto da accesso, uso o divulgazione non autorizzata. Adottiamo sistemi di protezione fisica, tecnica e amministrativa ragionevoli per proteggere da accesso, uso, modifica e divulgazione non autorizzata delle informazioni personali in nostro possesso. Nonostante ci\u00f2, nessuna trasmissione dei dati tramite Internet o rete wireless pu\u00f2 essere completamente garantita come sicura.<\/p>\n<h4>Avvertenza legale:<\/h4>\n<p>Divulgheremo informazioni raccolte, usate o ricevute se richiesto o consentito dalla legge, come per rispettare ordini di tribunali o procedure legali simili, oltre che nel caso in cui riteniamo in buona fede che la divulgazione sia necessaria per proteggere i nostri diritti, proteggere la Sua sicurezza o la sicurezza di altri, investigare frode o rispondere a richieste governative.<\/p>\n<h4>Informazioni di contatto:<\/h4>\n<p>Per qualsiasi questione correlata ai diritti individuali o alle informazioni personali, pu\u00f2 inviare un&#8217;email a sislaservice81@gmail.com.<\/p>\n<\/div>\n<\/div>\n<\/div>\n<\/div>\n","protected":false},"excerpt":{"rendered":"<p>Politica sulla riservatezza Il sito https:\/\/sisla.biz \u00e8 di propriet\u00e0 di SISLA SNC, titolare del trattamento dei Suoi dati personali. Abbiamo adottato questa politica sulla privacy, la quale determina il trattamento delle informazioni raccolte da https:\/\/sisla.biz, oltre che i motivi per raccolta di certi dati personali a Lei correlati. Pertanto, deve leggere questa politica sulla riservatezza prima di usare il sito https:\/\/sisla.biz. Trattiamo i Suoi dati personali e garantiamo riservatezza e sicurezza degli stessi. Informazioni personali raccolte: Quando visita https:\/\/sisla.biz, raccogliamo automaticamente certe informazioni sul dispositivo, incluse informazioni su browser web, indirizzo IP, fuso orario e cookie installati sul dispositivo. Inoltre,\u2026<\/p>\n","protected":false},"author":1,"featured_media":0,"parent":0,"menu_order":0,"comment_status":"closed","ping_status":"open","template":"","meta":{"bgseo_title":"","bgseo_description":"","bgseo_robots_index":"index","bgseo_robots_follow":"follow","footnotes":""},"class_list":["post-3","page","type-page","status-publish","hentry"],"blocksy_meta":{"styles_descriptor":{"styles":{"desktop":"","tablet":"","mobile":""},"google_fonts":[],"version":5}},"aioseo_notices":[],"_links":{"self":[{"href":"https:\/\/www.sisla.biz\/site\/wp-json\/wp\/v2\/pages\/3","targetHints":{"allow":["GET"]}}],"collection":[{"href":"https:\/\/www.sisla.biz\/site\/wp-json\/wp\/v2\/pages"}],"about":[{"href":"https:\/\/www.sisla.biz\/site\/wp-json\/wp\/v2\/types\/page"}],"author":[{"embeddable":true,"href":"https:\/\/www.sisla.biz\/site\/wp-json\/wp\/v2\/users\/1"}],"replies":[{"embeddable":true,"href":"https:\/\/www.sisla.biz\/site\/wp-json\/wp\/v2\/comments?post=3"}],"version-history":[{"count":0,"href":"https:\/\/www.sisla.biz\/site\/wp-json\/wp\/v2\/pages\/3\/revisions"}],"wp:attachment":[{"href":"https:\/\/www.sisla.biz\/site\/wp-json\/wp\/v2\/media?parent=3"}],"curies":[{"name":"wp","href":"https:\/\/api.w.org\/{rel}","templated":true}]}}