{"id":75,"date":"2023-02-13T23:38:59","date_gmt":"2023-02-13T23:38:59","guid":{"rendered":"https:\/\/www.sisla.biz\/site\/?page_id=75"},"modified":"2023-02-13T23:40:45","modified_gmt":"2023-02-13T23:40:45","slug":"dove-siamo","status":"publish","type":"page","link":"https:\/\/www.sisla.biz\/site\/dove-siamo\/","title":{"rendered":"Dove siamo"},"content":{"rendered":"<div class=\"color3-background-color color-3-text-contrast bg-background-color tmpl-contact-12 boldgrid-section dynamic-gridblock\" style=\"border-width: 0px; background-image: linear-gradient(to left, rgba(152, 31, 31, 0.5), rgba(152, 31, 31, 0.5)), url('https:\/\/www.sisla.biz\/site\/wp-content\/uploads\/2023\/02\/vicenza-1000-750.jpg'); background-size: cover; background-position: 50% 50%;\" data-image-url=\"https:\/\/www.sisla.biz\/site\/wp-content\/uploads\/2023\/02\/vicenza-1000-750.jpg\" data-bg-overlaycolor=\"rgba(152,31,31,0.5)\">\n<div class=\"container-fluid\">\n<div class=\"row\" style=\"padding-bottom: 0px;\">\n<div class=\"col-md-6 col-sm-12 col-xs-12 col-lg-6\">\n<div class=\"bg-box bg-box-flush\" style=\"border-width: 0px;\">\n<p class=\"boldgrid-google-maps\"><iframe loading=\"lazy\" style=\"max-width: 100%; letter-spacing: 0.1em;\" src=\"https:\/\/maps.google.com\/maps?q=Viale%20Sant'Agostino%20138%2C%20vicenza&amp;t=m&amp;z=16&amp;output=embed\" width=\"600\" height=\"450\" frameborder=\"0\"><\/iframe><\/p>\n<\/div>\n<\/div>\n<div class=\"col-md-6 col-sm-12 col-xs-12 align-column-center col-lg-6\">\n<div class=\"bg-box\">\n<h2 class=\"\" style=\"margin-top: 0px; margin-bottom: 10px; border-width: 0px; font-style: italic; font-weight: 600; color: #ffffff;\" data-font-style=\"italic\" data-font-weight=\"600\"><strong>Sede di Vicenza<\/strong><\/h2>\n<p class=\"\" style=\"border-width: 0px; color: #ffffff;\"><strong>Viale Sant&#8217;Agostino 138<\/strong><\/p>\n<p class=\"\" style=\"border-width: 0px; color: #ffffff;\"><strong>Dal luned\u00ec al venerd\u00ec<\/strong><\/p>\n<p class=\"\" style=\"border-width: 0px; color: #ffffff;\"><strong>09:00 &#8211; 13:00<\/strong><\/p>\n<\/div>\n<\/div>\n<\/div>\n<\/div>\n<\/div>\n<div class=\"boldgrid-section\">\n<div class=\"container\">\n<div class=\"row\">\n<div class=\"col-lg-12 col-md-12 col-xs-12 col-sm-12\">\n<p>&nbsp;<\/p>\n<\/div>\n<\/div>\n<\/div>\n<\/div>\n<div class=\"color3-background-color color-3-text-contrast bg-background-color tmpl-contact-12 boldgrid-section dynamic-gridblock\" style=\"border-width: 0px; background-image: linear-gradient(to left, rgba(152, 31, 31, 0.5), rgba(152, 31, 31, 0.5)), url('https:\/\/www.sisla.biz\/site\/wp-content\/uploads\/2023\/02\/cabras.jpg'); background-size: cover; background-position: 50% 49%; background-repeat: unset; padding: 0em;\" data-image-url=\"https:\/\/www.sisla.biz\/site\/wp-content\/uploads\/2023\/02\/cabras.jpg\" data-bg-overlaycolor=\"rgba(152,31,31,0.5)\">\n<div class=\"container-fluid\">\n<div class=\"row\" style=\"border-width: 0px;\">\n<div class=\"col-md-6 col-sm-12 col-xs-12 col-lg-6\">\n<div class=\"bg-box bg-box-flush\">\n<p class=\"boldgrid-google-maps\"><iframe loading=\"lazy\" style=\"max-width: 100%;\" src=\"https:\/\/maps.google.com\/maps?q=Via%20G.%20Leopardi%2019%2C%2009072%2C%20cabras&amp;t=m&amp;z=16&amp;output=embed\" width=\"600\" height=\"450\" frameborder=\"0\"><\/iframe><\/p>\n<\/div>\n<\/div>\n<div class=\"col-md-6 col-sm-12 col-xs-12 align-column-center col-lg-6\">\n<div class=\"bg-box\">\n<h2 class=\"\" style=\"border-width: 0px; color: #ffffff;\" data-font-style=\"italic\" data-font-weight=\"600\"><strong>Sede di Cabras<\/strong><\/h2>\n<p class=\"\" style=\"border-width: 0px; color: #ffffff;\"><strong>Via G. Leopardi 19<\/strong><\/p>\n<p class=\"\" style=\"border-width: 0px; color: #ffffff;\"><strong>Dal luned\u00ec al venerd\u00ec<\/strong><\/p>\n<p class=\"\" style=\"border-width: 0px; color: #ffffff;\"><strong>09:00 &#8211; 13:00<\/strong><\/p>\n<\/div>\n<\/div>\n<\/div>\n<\/div>\n<\/div>\n","protected":false},"excerpt":{"rendered":"<p>Sede di Vicenza Viale Sant&#8217;Agostino 138 Dal luned\u00ec al venerd\u00ec 09:00 &#8211; 13:00 &nbsp; Sede di Cabras Via G. Leopardi 19 Dal luned\u00ec al venerd\u00ec 09:00 &#8211; 13:00<\/p>\n","protected":false},"author":1,"featured_media":0,"parent":0,"menu_order":0,"comment_status":"closed","ping_status":"closed","template":"template\/page\/fullwidth.php","meta":{"bgseo_title":"","bgseo_description":"","bgseo_robots_index":"index","bgseo_robots_follow":"follow","footnotes":""},"class_list":["post-75","page","type-page","status-publish","hentry"],"blocksy_meta":{"styles_descriptor":{"styles":{"desktop":"","tablet":"","mobile":""},"google_fonts":[],"version":5}},"aioseo_notices":[],"_links":{"self":[{"href":"https:\/\/www.sisla.biz\/site\/wp-json\/wp\/v2\/pages\/75","targetHints":{"allow":["GET"]}}],"collection":[{"href":"https:\/\/www.sisla.biz\/site\/wp-json\/wp\/v2\/pages"}],"about":[{"href":"https:\/\/www.sisla.biz\/site\/wp-json\/wp\/v2\/types\/page"}],"author":[{"embeddable":true,"href":"https:\/\/www.sisla.biz\/site\/wp-json\/wp\/v2\/users\/1"}],"replies":[{"embeddable":true,"href":"https:\/\/www.sisla.biz\/site\/wp-json\/wp\/v2\/comments?post=75"}],"version-history":[{"count":0,"href":"https:\/\/www.sisla.biz\/site\/wp-json\/wp\/v2\/pages\/75\/revisions"}],"wp:attachment":[{"href":"https:\/\/www.sisla.biz\/site\/wp-json\/wp\/v2\/media?parent=75"}],"curies":[{"name":"wp","href":"https:\/\/api.w.org\/{rel}","templated":true}]}}