{"id":83,"date":"2023-02-14T00:00:07","date_gmt":"2023-02-14T00:00:07","guid":{"rendered":"https:\/\/www.sisla.biz\/site\/?page_id=83"},"modified":"2023-02-14T00:00:07","modified_gmt":"2023-02-14T00:00:07","slug":"blsd","status":"publish","type":"page","link":"https:\/\/www.sisla.biz\/site\/blsd\/","title":{"rendered":"BLS-D"},"content":{"rendered":"<div class=\"color-neutral-background-color color-neutral-text-contrast bg-background-color tmpl-blog-13 boldgrid-section dynamic-gridblock\">\n<div class=\"container\">\n<div class=\"row\">\n<div class=\"col-md-5 col-sm-12 col-xs-12 col-lg-5\">\n<h2 class=\"color5-color\">L&#8217;IMPORTANZA DEL PROTOCOLLO BLS-D<\/h2>\n<p class=\"\">La formazione BLSD \u00e8 essenziale per garantire la sicurezza sul lavoro e preparare i dipendenti ad affrontare situazioni di emergenza. Il corso fornisce le conoscenze e le abilit\u00e0 per effettuare manovre di rianimazione cardiopolmonare e utilizzare un defibrillatore semiautomatico esterno in caso di arresto cardiaco improvviso. Con questa formazione, i dipendenti saranno in grado di agire rapidamente e con competenza in situazioni di emergenza, aumentando la sicurezza dell&#8217;ambiente di lavoro e della comunit\u00e0.<\/p>\n<p>Siamo lieti di presentare i nostri corsi di formazione BLSD (Basic Life Support and Defibrillation), accreditati da un ente bilaterale. Questi corsi sono progettati per insegnare le competenze fondamentali per effettuare una RCP (Rianimazione Cardiopolmonare) e utilizzare un defibrillatore in caso di emergenza. Il BLSD \u00e8 una delle competenze pi\u00f9 importanti per la salvaguardia della vita umana e noi di Sisla offriamo un corso accessibile a tutti, con una combinazione di teoria e pratica, tenuto da istruttori altamente qualificati.<\/p>\n<p class=\"\">L&#8217;acquisizione delle competenze BLSD \u00e8 un&#8217;opportunit\u00e0 unica per arricchire il proprio bagaglio professionale e diventare un membro attivo nella comunit\u00e0. Al termine del corso, verr\u00e0 rilasciato un attestato che dimostra le competenze acquisite e che sar\u00e0 riconosciuto a livello internazionale.<\/p>\n<\/div>\n<div class=\"col-md-7 col-sm-12 col-xs-12 col-lg-7\">\n<div class=\"bg-box\">\n<p class=\"\" style=\"margin-bottom: 25px;\"><img loading=\"lazy\" decoding=\"async\" class=\"bg-img alignnone wp-image-87 \" src=\"https:\/\/www.sisla.biz\/site\/wp-content\/uploads\/2023\/02\/p-l-FfJJD6SCcvs-unsplash-300x200.jpg\" alt=\"\" width=\"335\" height=\"223\" srcset=\"https:\/\/www.sisla.biz\/site\/wp-content\/uploads\/2023\/02\/p-l-FfJJD6SCcvs-unsplash-300x200.jpg 300w, https:\/\/www.sisla.biz\/site\/wp-content\/uploads\/2023\/02\/p-l-FfJJD6SCcvs-unsplash-250x167.jpg 250w, https:\/\/www.sisla.biz\/site\/wp-content\/uploads\/2023\/02\/p-l-FfJJD6SCcvs-unsplash-270x180.jpg 270w, https:\/\/www.sisla.biz\/site\/wp-content\/uploads\/2023\/02\/p-l-FfJJD6SCcvs-unsplash.jpg 400w\" sizes=\"auto, (max-width: 335px) 100vw, 335px\" \/><\/p>\n<blockquote class=\"bg-blockquote\" style=\"border-width: 0px; color: #f34444;\"><p><em><strong>&#8220;La preparazione in caso di emergenza pu\u00f2 fare la differenza tra la vita e la morte. Imparare le competenze BLSD \u00e8 un investimento in un futuro pi\u00f9 sicuro.&#8221;<\/strong><\/em><\/p><\/blockquote>\n<\/div>\n<\/div>\n<\/div>\n<\/div>\n<\/div>\n<div class=\"boldgrid-section\">\n<div class=\"container\">\n<div class=\"row\">\n<div class=\"col-lg-12 col-md-12 col-xs-12 col-sm-12\">\n<p>&nbsp;<\/p>\n<\/div>\n<\/div>\n<\/div>\n<\/div>\n","protected":false},"excerpt":{"rendered":"<p>L&#8217;IMPORTANZA DEL PROTOCOLLO BLS-D La formazione BLSD \u00e8 essenziale per garantire la sicurezza sul lavoro e preparare i dipendenti ad affrontare situazioni di emergenza. Il corso fornisce le conoscenze e le abilit\u00e0 per effettuare manovre di rianimazione cardiopolmonare e utilizzare un defibrillatore semiautomatico esterno in caso di arresto cardiaco improvviso. Con questa formazione, i dipendenti saranno in grado di agire rapidamente e con competenza in situazioni di emergenza, aumentando la sicurezza dell&#8217;ambiente di lavoro e della comunit\u00e0. Siamo lieti di presentare i nostri corsi di formazione BLSD (Basic Life Support and Defibrillation), accreditati da un ente bilaterale. Questi corsi sono\u2026<\/p>\n","protected":false},"author":1,"featured_media":0,"parent":0,"menu_order":0,"comment_status":"closed","ping_status":"closed","template":"template\/page\/fullwidth.php","meta":{"bgseo_title":"","bgseo_description":"","bgseo_robots_index":"index","bgseo_robots_follow":"follow","footnotes":""},"class_list":["post-83","page","type-page","status-publish","hentry"],"blocksy_meta":{"styles_descriptor":{"styles":{"desktop":"","tablet":"","mobile":""},"google_fonts":[],"version":5}},"aioseo_notices":[],"_links":{"self":[{"href":"https:\/\/www.sisla.biz\/site\/wp-json\/wp\/v2\/pages\/83","targetHints":{"allow":["GET"]}}],"collection":[{"href":"https:\/\/www.sisla.biz\/site\/wp-json\/wp\/v2\/pages"}],"about":[{"href":"https:\/\/www.sisla.biz\/site\/wp-json\/wp\/v2\/types\/page"}],"author":[{"embeddable":true,"href":"https:\/\/www.sisla.biz\/site\/wp-json\/wp\/v2\/users\/1"}],"replies":[{"embeddable":true,"href":"https:\/\/www.sisla.biz\/site\/wp-json\/wp\/v2\/comments?post=83"}],"version-history":[{"count":0,"href":"https:\/\/www.sisla.biz\/site\/wp-json\/wp\/v2\/pages\/83\/revisions"}],"wp:attachment":[{"href":"https:\/\/www.sisla.biz\/site\/wp-json\/wp\/v2\/media?parent=83"}],"curies":[{"name":"wp","href":"https:\/\/api.w.org\/{rel}","templated":true}]}}