{"id":91,"date":"2023-02-14T00:21:05","date_gmt":"2023-02-14T00:21:05","guid":{"rendered":"https:\/\/www.sisla.biz\/site\/?page_id=91"},"modified":"2023-02-14T00:34:50","modified_gmt":"2023-02-14T00:34:50","slug":"haccp","status":"publish","type":"page","link":"https:\/\/www.sisla.biz\/site\/haccp\/","title":{"rendered":"HACCP"},"content":{"rendered":"<div class=\"color-neutral-background-color color-neutral-text-contrast bg-background-color tmpl-blog-13 boldgrid-section dynamic-gridblock\">\n<div class=\"container\">\n<div class=\"row\">\n<div class=\"col-md-5 col-sm-12 col-xs-12 col-lg-5\">\n<h2 class=\"color5-color\" style=\"border-width: 0px; text-transform: uppercase;\">Alimenti sicuri per vite sane: l&#8217;HACCP<\/h2>\n<p class=\"\"><em>L&#8217;HACCP (Hazard Analysis and Critical Control Points) \u00e8 un sistema di gestione della sicurezza alimentare che identifica e controlla i punti critici nella produzione e distribuzione di alimenti per prevenire la contaminazione e garantire la salute pubblica. Questo sistema \u00e8 stato sviluppato dagli esperti di NASA per garantire la sicurezza alimentare degli astronauti nello spazio e ora viene utilizzato a livello mondiale nel settore alimentare. L&#8217;HACCP \u00e8 un requisito obbligatorio per molti Paesi ed \u00e8 diventato uno standard globale per la sicurezza alimentare.<\/em><\/p>\n<p class=\"\">&nbsp;<\/p>\n<p class=\"\">La legge italiana sull&#8217;HACCP \u00e8 regolamentata dal decreto legislativo 193\/07 e dal decreto interministeriale n.174 del 14 marzo 2011. Queste leggi stabiliscono l&#8217;obbligo per tutte le aziende che producono o manipolano alimenti di implementare un sistema di autocontrollo HACCP per garantire la sicurezza alimentare dei prodotti che vengono immessi sul mercato.<\/p>\n<p class=\"\">In sintesi, l&#8217;HACCP \u00e8 un sistema di gestione della sicurezza alimentare che aiuta a identificare, valutare e controllare i pericoli per la sicurezza alimentare lungo tutta la catena di produzione alimentare. Questo sistema \u00e8 obbligatorio per le aziende che producono o manipolano alimenti e deve essere adeguato alle norme vigenti per garantire la sicurezza alimentare e proteggere la salute dei consumatori.<\/p>\n<\/div>\n<div class=\"col-md-7 col-sm-12 col-xs-12 col-lg-7\">\n<div class=\"bg-box\">\n<p class=\"\" style=\"margin-bottom: 25px;\"><img loading=\"lazy\" decoding=\"async\" class=\"bg-img wp-image-92 aligncenter\" src=\"https:\/\/www.sisla.biz\/site\/wp-content\/uploads\/2023\/02\/pablo-merchan-montes-Orz90t6o0e4-unsplash-300x200.jpg\" alt=\"\" width=\"369\" height=\"246\" srcset=\"https:\/\/www.sisla.biz\/site\/wp-content\/uploads\/2023\/02\/pablo-merchan-montes-Orz90t6o0e4-unsplash-300x200.jpg 300w, https:\/\/www.sisla.biz\/site\/wp-content\/uploads\/2023\/02\/pablo-merchan-montes-Orz90t6o0e4-unsplash-768x512.jpg 768w, https:\/\/www.sisla.biz\/site\/wp-content\/uploads\/2023\/02\/pablo-merchan-montes-Orz90t6o0e4-unsplash-250x167.jpg 250w, https:\/\/www.sisla.biz\/site\/wp-content\/uploads\/2023\/02\/pablo-merchan-montes-Orz90t6o0e4-unsplash-550x366.jpg 550w, https:\/\/www.sisla.biz\/site\/wp-content\/uploads\/2023\/02\/pablo-merchan-montes-Orz90t6o0e4-unsplash-270x180.jpg 270w, https:\/\/www.sisla.biz\/site\/wp-content\/uploads\/2023\/02\/pablo-merchan-montes-Orz90t6o0e4-unsplash-450x300.jpg 450w, https:\/\/www.sisla.biz\/site\/wp-content\/uploads\/2023\/02\/pablo-merchan-montes-Orz90t6o0e4-unsplash-750x500.jpg 750w, https:\/\/www.sisla.biz\/site\/wp-content\/uploads\/2023\/02\/pablo-merchan-montes-Orz90t6o0e4-unsplash.jpg 800w\" sizes=\"auto, (max-width: 369px) 100vw, 369px\" \/><\/p>\n<p class=\"\">Scegliere <strong>SISLA<\/strong> per la formazione e l&#8217;adeguamento alla normativa HACCP significa affidarsi a un&#8217;azienda che offre servizi di alta qualit\u00e0 e che vanta un team di esperti altamente qualificati.<\/p>\n<p class=\"\">La nostra esperienza e competenza in materia di sicurezza alimentare ci permette di fornire ai nostri clienti soluzioni personalizzate, affidabili e conformi ai requisiti normativi.<\/p>\n<p class=\"\">Inoltre, i nostri corsi sono certificati dalle autorit\u00e0 competenti e rispettano le linee guida internazionali.<\/p>\n<p class=\"\">Scegliere <strong>SISLA<\/strong> per l&#8217;HACCP significa avere la certezza di essere adeguati alle norme e di poter garantire la sicurezza alimentare ai propri clienti.<\/p>\n<blockquote class=\"bg-blockquote\" style=\"border-width: 0px; color: #f34444;\"><p><em><strong>&nbsp;<\/strong><\/em><\/p><\/blockquote>\n<\/div>\n<\/div>\n<\/div>\n<\/div>\n<\/div>\n<div class=\"boldgrid-section\">\n<div class=\"container\">\n<div class=\"row\">\n<div class=\"col-lg-12 col-md-12 col-xs-12 col-sm-12\">\n<p>&nbsp;<\/p>\n<\/div>\n<\/div>\n<\/div>\n<\/div>\n","protected":false},"excerpt":{"rendered":"<p>Alimenti sicuri per vite sane: l&#8217;HACCP L&#8217;HACCP (Hazard Analysis and Critical Control Points) \u00e8 un sistema di gestione della sicurezza alimentare che identifica e controlla i punti critici nella produzione e distribuzione di alimenti per prevenire la contaminazione e garantire la salute pubblica. Questo sistema \u00e8 stato sviluppato dagli esperti di NASA per garantire la sicurezza alimentare degli astronauti nello spazio e ora viene utilizzato a livello mondiale nel settore alimentare. L&#8217;HACCP \u00e8 un requisito obbligatorio per molti Paesi ed \u00e8 diventato uno standard globale per la sicurezza alimentare. &nbsp; La legge italiana sull&#8217;HACCP \u00e8 regolamentata dal decreto legislativo 193\/07\u2026<\/p>\n","protected":false},"author":1,"featured_media":0,"parent":0,"menu_order":0,"comment_status":"closed","ping_status":"closed","template":"template\/page\/fullwidth.php","meta":{"bgseo_title":"","bgseo_description":"","bgseo_robots_index":"index","bgseo_robots_follow":"follow","footnotes":""},"class_list":["post-91","page","type-page","status-publish","hentry"],"blocksy_meta":{"styles_descriptor":{"styles":{"desktop":"","tablet":"","mobile":""},"google_fonts":[],"version":5}},"aioseo_notices":[],"_links":{"self":[{"href":"https:\/\/www.sisla.biz\/site\/wp-json\/wp\/v2\/pages\/91","targetHints":{"allow":["GET"]}}],"collection":[{"href":"https:\/\/www.sisla.biz\/site\/wp-json\/wp\/v2\/pages"}],"about":[{"href":"https:\/\/www.sisla.biz\/site\/wp-json\/wp\/v2\/types\/page"}],"author":[{"embeddable":true,"href":"https:\/\/www.sisla.biz\/site\/wp-json\/wp\/v2\/users\/1"}],"replies":[{"embeddable":true,"href":"https:\/\/www.sisla.biz\/site\/wp-json\/wp\/v2\/comments?post=91"}],"version-history":[{"count":0,"href":"https:\/\/www.sisla.biz\/site\/wp-json\/wp\/v2\/pages\/91\/revisions"}],"wp:attachment":[{"href":"https:\/\/www.sisla.biz\/site\/wp-json\/wp\/v2\/media?parent=91"}],"curies":[{"name":"wp","href":"https:\/\/api.w.org\/{rel}","templated":true}]}}